{"id":30841,"date":"2023-11-22T14:59:34","date_gmt":"2023-11-22T09:59:34","guid":{"rendered":"https:\/\/orientstar.uz\/new-footer\/"},"modified":"2025-11-27T17:57:24","modified_gmt":"2025-11-27T12:57:24","slug":"new-footer","status":"publish","type":"page","link":"https:\/\/orientstar.uz\/es\/new-footer\/","title":{"rendered":"NEW FOOTER"},"content":{"rendered":"\t\t<div data-elementor-type=\"wp-page\" data-elementor-id=\"30841\" class=\"elementor elementor-30841 elementor-29522\" data-elementor-post-type=\"page\">\n\t\t\t\t<div class=\"elementor-element elementor-element-880a791 e-flex e-con-boxed e-con e-parent\" data-id=\"880a791\" data-element_type=\"container\" data-e-type=\"container\">\n\t\t\t\t\t<div class=\"e-con-inner\">\n\t\t\t\t<div class=\"elementor-element elementor-element-02ff45d elementor-widget elementor-widget-html\" data-id=\"02ff45d\" data-element_type=\"widget\" data-e-type=\"widget\" data-widget_type=\"html.default\">\n\t\t\t\t\t\n          <!-- TrustBox script -->\n          \n\n          <script type=\"text\/javascript\" src=\"\/\/widget.trustpilot.com\/bootstrap\/v5\/tp.widget.bootstrap.min.js\" async=\"\"><\/script>\n          \n\n          <!-- End TrustBox script -->\n          \n\n          \n\n          <!-- TrustBox widget - Micro Review Count -->\n          \n\n          <div class=\"trustpilot-widget\" data-locale=\"en-En\" data-template-id=\"5419b6a8b0d04a076446a9ad\" data-businessunit-id=\"64a3f5b60ec16fd70e021b49\" data-style-height=\"24px\" data-style-width=\"100%\" data-theme=\"light\" data-min-review-count=\"10\" data-style-alignment=\"center\">\n  <a href=\"https:\/\/fr.trustpilot.com\/review\/orientstar.uz\" target=\"_blank\" rel=\"noopener\">Trustpilot<\/a>\n<\/div>\n          \n\n          <!-- End TrustBox widget -->\n        \t\t\t\t<\/div>\n\t\t\t\t\t<\/div>\n\t\t\t\t<\/div>\n\t\t<div class=\"elementor-element elementor-element-57d9ac67 footer e-flex e-con-boxed e-con e-parent\" data-id=\"57d9ac67\" data-element_type=\"container\" data-e-type=\"container\" id=\"footer-style1\" data-settings=\"{&quot;background_background&quot;:&quot;classic&quot;}\">\n\t\t\t\t\t<div class=\"e-con-inner\">\n\t\t<div class=\"elementor-element elementor-element-d3d2f2e e-con-full e-flex e-con e-child\" data-id=\"d3d2f2e\" data-element_type=\"container\" data-e-type=\"container\">\n\t\t\t\t<div class=\"elementor-element elementor-element-2461e25a elementor-widget__width-initial elementor-widget-laptop__width-inherit elementor-widget-tablet__width-initial elementor-position-top elementor-widget elementor-widget-image-box\" data-id=\"2461e25a\" data-element_type=\"widget\" data-e-type=\"widget\" data-widget_type=\"image-box.default\">\n\t\t\t\t\t<div class=\"elementor-image-box-wrapper\"><figure class=\"elementor-image-box-img\"><img fetchpriority=\"high\" decoding=\"async\" width=\"300\" height=\"300\" src=\"https:\/\/orientstar.uz\/wp-content\/uploads\/2023\/12\/cropped-LOGO-RENOVED-3-300x300.png\" class=\"attachment-medium size-medium wp-image-36100\" alt=\"\" srcset=\"https:\/\/orientstar.uz\/wp-content\/uploads\/2023\/12\/cropped-LOGO-RENOVED-3-300x300.png 300w, https:\/\/orientstar.uz\/wp-content\/uploads\/2023\/12\/cropped-LOGO-RENOVED-3-1024x1024.png 1024w, https:\/\/orientstar.uz\/wp-content\/uploads\/2023\/12\/cropped-LOGO-RENOVED-3-150x150.png 150w, https:\/\/orientstar.uz\/wp-content\/uploads\/2023\/12\/cropped-LOGO-RENOVED-3-768x768.png 768w, https:\/\/orientstar.uz\/wp-content\/uploads\/2023\/12\/cropped-LOGO-RENOVED-3-1536x1536.png 1536w, https:\/\/orientstar.uz\/wp-content\/uploads\/2023\/12\/cropped-LOGO-RENOVED-3-2048x2048.png 2048w, https:\/\/orientstar.uz\/wp-content\/uploads\/2023\/12\/cropped-LOGO-RENOVED-3-75x75.png 75w, https:\/\/orientstar.uz\/wp-content\/uploads\/2023\/12\/cropped-LOGO-RENOVED-3-600x600.png 600w, https:\/\/orientstar.uz\/wp-content\/uploads\/2023\/12\/cropped-LOGO-RENOVED-3-100x100.png 100w, https:\/\/orientstar.uz\/wp-content\/uploads\/2023\/12\/cropped-LOGO-RENOVED-3.png 1562w\" sizes=\"(max-width: 300px) 100vw, 300px\" \/><\/figure><\/div>\t\t\t\t<\/div>\n\t\t\t\t<\/div>\n\t\t<div class=\"elementor-element elementor-element-6a6ad8c8 e-con-full e-flex e-con e-child\" data-id=\"6a6ad8c8\" data-element_type=\"container\" data-e-type=\"container\">\n\t\t\t\t<div class=\"elementor-element elementor-element-2336b296 elementor-widget elementor-widget-heading\" data-id=\"2336b296\" data-element_type=\"widget\" data-e-type=\"widget\" data-widget_type=\"heading.default\">\n\t\t\t\t\t<div class=\"elementor-heading-title elementor-size-default\">Empresa<\/div>\t\t\t\t<\/div>\n\t\t\t\t<div class=\"elementor-element elementor-element-214de740 elementor-icon-list--layout-traditional elementor-list-item-link-full_width elementor-widget elementor-widget-icon-list\" data-id=\"214de740\" data-element_type=\"widget\" data-e-type=\"widget\" data-widget_type=\"icon-list.default\">\n\t\t\t\t\t\t\t<ul class=\"elementor-icon-list-items\">\n\t\t\t\t\t\t\t<li class=\"elementor-icon-list-item\">\n\t\t\t\t\t\t\t\t\t\t\t<a href=\"https:\/\/orientstar.uz\/es\/who-are-we\/\">\n\n\t\t\t\t\t\t\t\t\t\t\t<span class=\"elementor-icon-list-text\">- \u00bfQui\u00e9n somos?<\/span>\n\t\t\t\t\t\t\t\t\t\t\t<\/a>\n\t\t\t\t\t\t\t\t\t<\/li>\n\t\t\t\t\t\t\t\t<li class=\"elementor-icon-list-item\">\n\t\t\t\t\t\t\t\t\t\t\t<a href=\"https:\/\/orientstar.uz\/es\/nuestro-equipo\/\">\n\n\t\t\t\t\t\t\t\t\t\t\t<span class=\"elementor-icon-list-text\">- Nuestro equipo<\/span>\n\t\t\t\t\t\t\t\t\t\t\t<\/a>\n\t\t\t\t\t\t\t\t\t<\/li>\n\t\t\t\t\t\t\t\t<li class=\"elementor-icon-list-item\">\n\t\t\t\t\t\t\t\t\t\t\t<a href=\"https:\/\/orientstar.uz\/es\/nuestra-mision\/\">\n\n\t\t\t\t\t\t\t\t\t\t\t<span class=\"elementor-icon-list-text\">- Nuestra Misi\u00f3n<\/span>\n\t\t\t\t\t\t\t\t\t\t\t<\/a>\n\t\t\t\t\t\t\t\t\t<\/li>\n\t\t\t\t\t\t\t\t<li class=\"elementor-icon-list-item\">\n\t\t\t\t\t\t\t\t\t\t\t<a href=\"https:\/\/orientstar.uz\/es\/nuestra-historia\/\">\n\n\t\t\t\t\t\t\t\t\t\t\t<span class=\"elementor-icon-list-text\">- Nuestra Historia<\/span>\n\t\t\t\t\t\t\t\t\t\t\t<\/a>\n\t\t\t\t\t\t\t\t\t<\/li>\n\t\t\t\t\t\t\t\t<li class=\"elementor-icon-list-item\">\n\t\t\t\t\t\t\t\t\t\t\t<a href=\"https:\/\/orientstar.uz\/es\/por-que-viajar-con-nosotros\/\">\n\n\t\t\t\t\t\t\t\t\t\t\t<span class=\"elementor-icon-list-text\">- \u00bfPor qu\u00e9 viajar con nosotros?<\/span>\n\t\t\t\t\t\t\t\t\t\t\t<\/a>\n\t\t\t\t\t\t\t\t\t<\/li>\n\t\t\t\t\t\t<\/ul>\n\t\t\t\t\t\t<\/div>\n\t\t\t\t<\/div>\n\t\t<div class=\"elementor-element elementor-element-50385943 e-con-full e-flex e-con e-child\" data-id=\"50385943\" data-element_type=\"container\" data-e-type=\"container\">\n\t\t\t\t<div class=\"elementor-element elementor-element-59cd8be8 elementor-widget elementor-widget-heading\" data-id=\"59cd8be8\" data-element_type=\"widget\" data-e-type=\"widget\" data-widget_type=\"heading.default\">\n\t\t\t\t\t<div class=\"elementor-heading-title elementor-size-default\">Enlaces r\u00e1pidos<\/div>\t\t\t\t<\/div>\n\t\t\t\t<div class=\"elementor-element elementor-element-d6c7d58 elementor-icon-list--layout-traditional elementor-list-item-link-full_width elementor-widget elementor-widget-icon-list\" data-id=\"d6c7d58\" data-element_type=\"widget\" data-e-type=\"widget\" data-widget_type=\"icon-list.default\">\n\t\t\t\t\t\t\t<ul class=\"elementor-icon-list-items\">\n\t\t\t\t\t\t\t<li class=\"elementor-icon-list-item\">\n\t\t\t\t\t\t\t\t\t\t\t<a href=\"https:\/\/orientstar.uz\/es\/hotel-search-popup-map\/\">\n\n\t\t\t\t\t\t\t\t\t\t\t<span class=\"elementor-icon-list-text\">- Hoteles<\/span>\n\t\t\t\t\t\t\t\t\t\t\t<\/a>\n\t\t\t\t\t\t\t\t\t<\/li>\n\t\t\t\t\t\t\t\t<li class=\"elementor-icon-list-item\">\n\t\t\t\t\t\t\t\t\t\t\t<a href=\"https:\/\/orientstar.uz\/es\/transportes\/\">\n\n\t\t\t\t\t\t\t\t\t\t\t<span class=\"elementor-icon-list-text\">- Transporte<\/span>\n\t\t\t\t\t\t\t\t\t\t\t<\/a>\n\t\t\t\t\t\t\t\t\t<\/li>\n\t\t\t\t\t\t\t\t<li class=\"elementor-icon-list-item\">\n\t\t\t\t\t\t\t\t\t\t\t<a href=\"https:\/\/orientstar.uz\/es\/visado\/\">\n\n\t\t\t\t\t\t\t\t\t\t\t<span class=\"elementor-icon-list-text\">- Visado<\/span>\n\t\t\t\t\t\t\t\t\t\t\t<\/a>\n\t\t\t\t\t\t\t\t\t<\/li>\n\t\t\t\t\t\t\t\t<li class=\"elementor-icon-list-item\">\n\t\t\t\t\t\t\t\t\t\t\t<a href=\"https:\/\/orientstar.uz\/es\/seguridad\/\">\n\n\t\t\t\t\t\t\t\t\t\t\t<span class=\"elementor-icon-list-text\">- Seguridad<\/span>\n\t\t\t\t\t\t\t\t\t\t\t<\/a>\n\t\t\t\t\t\t\t\t\t<\/li>\n\t\t\t\t\t\t\t\t<li class=\"elementor-icon-list-item\">\n\t\t\t\t\t\t\t\t\t\t\t<a href=\"https:\/\/orientstar.uz\/es\/preguntas-frecuentes\/\">\n\n\t\t\t\t\t\t\t\t\t\t\t<span class=\"elementor-icon-list-text\">- Preguntas Frecuentes<\/span>\n\t\t\t\t\t\t\t\t\t\t\t<\/a>\n\t\t\t\t\t\t\t\t\t<\/li>\n\t\t\t\t\t\t<\/ul>\n\t\t\t\t\t\t<\/div>\n\t\t\t\t<\/div>\n\t\t<div class=\"elementor-element elementor-element-1a16ae31 e-con-full e-flex e-con e-child\" data-id=\"1a16ae31\" data-element_type=\"container\" data-e-type=\"container\">\n\t\t\t\t<div class=\"elementor-element elementor-element-4e729df elementor-widget elementor-widget-heading\" data-id=\"4e729df\" data-element_type=\"widget\" data-e-type=\"widget\" data-widget_type=\"heading.default\">\n\t\t\t\t\t<h2 class=\"elementor-heading-title elementor-size-default\">Bolet\u00edn de noticias<\/h2>\t\t\t\t<\/div>\n\t\t\t\t<div class=\"elementor-element elementor-element-5a3da08 elementor-widget elementor-widget-html\" data-id=\"5a3da08\" data-element_type=\"widget\" data-e-type=\"widget\" data-widget_type=\"html.default\">\n\t\t\t\t\t\n          <div id=\"mc_embed_shell\">\n  \n<div id=\"mc_embed_signup\">\n    <form action=\"https:\/\/orientstar.us21.list-manage.com\/subscribe\/post?u=1af199f99672242f5ee1d520b&amp;id=278cb78024&amp;f_id=00f3f3e6f0\" method=\"post\" id=\"mc-embedded-subscribe-form\" name=\"mc-embedded-subscribe-form\" class=\"validate\" target=\"_self\" novalidate=\"\">\n        <div id=\"mc_embed_signup_scroll\">\n            <div class=\"indicates-required\"><span class=\"asterisk\">*<\/span> es obligatorio<\/div>\n            <div class=\"mc-field-group\"><input type=\"email\" placeholder=\"Correo electr\u00f3nico \" name=\"EMAIL\" class=\"required email\" id=\"mce-EMAIL\" required=\"\" value=\"\"><\/div><div class=\"mc-field-group\"><input type=\"text\" placeholder=\"Tu nombre\" name=\"FNAME\" class=\" text\" id=\"mce-FNAME\" value=\"\"><\/div>\n        <div id=\"mce-responses\" class=\"clear\">\n            <div class=\"response\" id=\"mce-error-response\" style=\"display: none;\"><\/div>\n            <div class=\"response\" id=\"mce-success-response\" style=\"display: none;\"><\/div>\n        <\/div><div aria-hidden=\"true\" style=\"position: absolute; left: -5000px;\"><input type=\"text\" name=\"b_1af199f99672242f5ee1d520b_278cb78024\" tabindex=\"-1\" value=\"\"><\/div><div class=\"clear\"><input type=\"submit\" name=\"subscribe\" id=\"mc-embedded-subscribe\" class=\"button\" value=\"Suscr\u00edbete\"><\/div>\n    <\/div>\n<\/form>\n<\/div>\n<script type=\"text\/javascript\" src=\"\/\/s3.amazonaws.com\/downloads.mailchimp.com\/js\/mc-validate.js\"><\/script><script type=\"text\/javascript\">(function($) {window.fnames = new Array(); window.ftypes = new Array();fnames[0]='EMAIL';ftypes[0]='email';fnames[1]='FNAME';ftypes[1]='text';fnames[2]='LNAME';ftypes[2]='text';fnames[3]='ADDRESS';ftypes[3]='address';fnames[4]='PHONE';ftypes[4]='phone';fnames[5]='BIRTHDAY';ftypes[5]='birthday';}(jQuery));var $mcj = jQuery.noConflict(true);<\/script>\n<\/div>\n          \n\n        \t\t\t\t<\/div>\n\t\t\t\t<\/div>\n\t\t\t\t\t<\/div>\n\t\t\t\t<\/div>\n\t\t<div class=\"elementor-element elementor-element-c07e482 e-flex e-con-boxed e-con e-parent\" data-id=\"c07e482\" data-element_type=\"container\" data-e-type=\"container\" data-settings=\"{&quot;background_background&quot;:&quot;classic&quot;}\">\n\t\t\t\t\t<div class=\"e-con-inner\">\n\t\t<div class=\"elementor-element elementor-element-3b3d0a0a e-con-full e-flex e-con e-child\" data-id=\"3b3d0a0a\" data-element_type=\"container\" data-e-type=\"container\">\n\t\t\t\t<div class=\"elementor-element elementor-element-19df6f4f elementor-widget elementor-widget-heading\" data-id=\"19df6f4f\" data-element_type=\"widget\" data-e-type=\"widget\" data-widget_type=\"heading.default\">\n\t\t\t\t\t<p class=\"elementor-heading-title elementor-size-default\">Copyright ORIENT STAR GROUP 2025. Todos los derechos reservados. <\/p>\t\t\t\t<\/div>\n\t\t\t\t<\/div>\n\t\t<div class=\"elementor-element elementor-element-27bad5e1 e-con-full e-flex e-con e-child\" data-id=\"27bad5e1\" data-element_type=\"container\" data-e-type=\"container\">\n\t\t\t\t<div class=\"elementor-element elementor-element-672422cf elementor-shape-circle e-grid-align-right e-grid-align-mobile-left elementor-grid-0 elementor-widget elementor-widget-social-icons\" data-id=\"672422cf\" data-element_type=\"widget\" data-e-type=\"widget\" data-widget_type=\"social-icons.default\">\n\t\t\t\t\t\t\t<div class=\"elementor-social-icons-wrapper elementor-grid\" role=\"list\">\n\t\t\t\t\t\t\t<span class=\"elementor-grid-item\" role=\"listitem\">\n\t\t\t\t\t<a class=\"elementor-icon elementor-social-icon elementor-social-icon-facebook-f elementor-repeater-item-16bc408\" target=\"_blank\">\n\t\t\t\t\t\t<span class=\"elementor-screen-only\">Facebook-f<\/span>\n\t\t\t\t\t\t<i aria-hidden=\"true\" class=\"fab fa-facebook-f\"><\/i>\t\t\t\t\t<\/a>\n\t\t\t\t<\/span>\n\t\t\t\t\t\t\t<span class=\"elementor-grid-item\" role=\"listitem\">\n\t\t\t\t\t<a class=\"elementor-icon elementor-social-icon elementor-social-icon-twitter elementor-repeater-item-8020542\" target=\"_blank\">\n\t\t\t\t\t\t<span class=\"elementor-screen-only\">Twitter<\/span>\n\t\t\t\t\t\t<i aria-hidden=\"true\" class=\"fab fa-twitter\"><\/i>\t\t\t\t\t<\/a>\n\t\t\t\t<\/span>\n\t\t\t\t\t\t\t<span class=\"elementor-grid-item\" role=\"listitem\">\n\t\t\t\t\t<a class=\"elementor-icon elementor-social-icon elementor-social-icon-instagram elementor-repeater-item-1adea0b\" target=\"_blank\">\n\t\t\t\t\t\t<span class=\"elementor-screen-only\">Instagram<\/span>\n\t\t\t\t\t\t<i aria-hidden=\"true\" class=\"fab fa-instagram\"><\/i>\t\t\t\t\t<\/a>\n\t\t\t\t<\/span>\n\t\t\t\t\t\t\t<span class=\"elementor-grid-item\" role=\"listitem\">\n\t\t\t\t\t<a class=\"elementor-icon elementor-social-icon elementor-social-icon-youtube elementor-repeater-item-3304014\" target=\"_blank\">\n\t\t\t\t\t\t<span class=\"elementor-screen-only\">Youtube<\/span>\n\t\t\t\t\t\t<i aria-hidden=\"true\" class=\"fab fa-youtube\"><\/i>\t\t\t\t\t<\/a>\n\t\t\t\t<\/span>\n\t\t\t\t\t<\/div>\n\t\t\t\t\t\t<\/div>\n\t\t\t\t<\/div>\n\t\t<div class=\"elementor-element elementor-element-2a2a962 e-con-full e-flex e-con e-child\" data-id=\"2a2a962\" data-element_type=\"container\" data-e-type=\"container\">\n\t\t\t\t<div class=\"elementor-element elementor-element-4cec3bc elementor-widget elementor-widget-html\" data-id=\"4cec3bc\" data-element_type=\"widget\" data-e-type=\"widget\" data-widget_type=\"html.default\">\n\t\t\t\t\t<div style='text-align:center;'><script>function loadScript(url, callback){var script=document.createElement('script');script.type='text\/javascript';if (script.readyState){script.onreadystatechange=function(){if (script.readyState=='loaded' || script.readyState=='complete'){script.onreadystatechange=null; callback();}};}else{script.onload=function(){callback();};}script.src=url; document.getElementsByTagName('head')[0].appendChild(script);}loadScript('\/f\/js\/vendor\/iframeResizer.min.js', function(){iFrameResize({checkOrigin:false,initCallback:function(iframe){setTimeout(function(){var resizeEvent = window.document.createEvent('UIEvents');resizeEvent.initUIEvent('resize', true, false, window, 0);iframe.dispatchEvent(resizeEvent);});}},'#civitatis-sl317')})<\/script><iframe id=\"civitatis-sl317\" class='civitatis-iframe' src='https:\/\/www.civitatis.com\/es\/provider-rating-widget\/?typeSelection=rating&display=07&providerId=SnBKU0w5eXk2WHJoWEQ4bW1oanAwUT09OjozaXFVQzJXd3NM&lang=es' width='100%' frameborder='0' data-maxwidth='100%' style='max-width: 100%;height:100%;width:px;' ><\/iframe><\/div>\t\t\t\t<\/div>\n\t\t\t\t<\/div>\n\t\t\t\t\t<\/div>\n\t\t\t\t<\/div>\n\t\t\t\t<\/div>\n\t\t","protected":false},"excerpt":{"rendered":"<p>Trustpilot Empresa &#8211; \u00bfQui\u00e9n somos? &#8211; Nuestro equipo &#8211; Nuestra Misi\u00f3n &#8211; Nuestra Historia &#8211; \u00bfPor qu\u00e9 viajar con nosotros? Enlaces r\u00e1pidos &#8211; Hoteles &#8211; Transporte &#8211; Visado &#8211; Seguridad &#8211; Preguntas Frecuentes Bolet\u00edn de noticias * es obligatorio Copyright ORIENT STAR GROUP 2025. Todos los derechos reservados. Facebook-f Twitter Instagram Youtube<\/p>\n","protected":false},"author":1,"featured_media":0,"parent":0,"menu_order":0,"comment_status":"closed","ping_status":"closed","template":"elementor_header_footer","meta":{"footnotes":""},"class_list":["post-30841","page","type-page","status-publish","has-post-thumbnail","hentry"],"_links":{"self":[{"href":"https:\/\/orientstar.uz\/es\/wp-json\/wp\/v2\/pages\/30841","targetHints":{"allow":["GET"]}}],"collection":[{"href":"https:\/\/orientstar.uz\/es\/wp-json\/wp\/v2\/pages"}],"about":[{"href":"https:\/\/orientstar.uz\/es\/wp-json\/wp\/v2\/types\/page"}],"author":[{"embeddable":true,"href":"https:\/\/orientstar.uz\/es\/wp-json\/wp\/v2\/users\/1"}],"replies":[{"embeddable":true,"href":"https:\/\/orientstar.uz\/es\/wp-json\/wp\/v2\/comments?post=30841"}],"version-history":[{"count":3,"href":"https:\/\/orientstar.uz\/es\/wp-json\/wp\/v2\/pages\/30841\/revisions"}],"predecessor-version":[{"id":38293,"href":"https:\/\/orientstar.uz\/es\/wp-json\/wp\/v2\/pages\/30841\/revisions\/38293"}],"wp:attachment":[{"href":"https:\/\/orientstar.uz\/es\/wp-json\/wp\/v2\/media?parent=30841"}],"curies":[{"name":"wp","href":"https:\/\/api.w.org\/{rel}","templated":true}]}}