{"id":14724,"date":"2022-04-14T01:27:33","date_gmt":"2022-04-13T20:27:33","guid":{"rendered":"https:\/\/demo.orientstar.uz\/contact\/"},"modified":"2023-12-19T17:31:38","modified_gmt":"2023-12-19T12:31:38","slug":"contact","status":"publish","type":"page","link":"https:\/\/orientstar.uz\/fr\/contact\/","title":{"rendered":"Contact"},"content":{"rendered":"\t\t<div data-elementor-type=\"wp-page\" data-elementor-id=\"14724\" class=\"elementor elementor-14724 elementor-707\" data-elementor-post-type=\"page\">\n\t\t\t\t<div class=\"elementor-element elementor-element-7812087 animated-slow e-flex e-con-boxed e-con e-parent\" data-id=\"7812087\" data-element_type=\"container\" data-e-type=\"container\" data-settings=\"{&quot;background_background&quot;:&quot;classic&quot;,&quot;animation&quot;:&quot;none&quot;,&quot;animation_delay&quot;:0}\">\n\t\t\t\t\t<div class=\"e-con-inner\">\n\t\t\t\t<div class=\"elementor-element elementor-element-a1f2d8a elementor-invisible elementor-widget elementor-widget-heading\" data-id=\"a1f2d8a\" data-element_type=\"widget\" data-e-type=\"widget\" data-settings=\"{&quot;_animation&quot;:&quot;fadeInDown&quot;,&quot;_animation_delay&quot;:0}\" data-widget_type=\"heading.default\">\n\t\t\t\t\t<h2 class=\"elementor-heading-title elementor-size-default\">Nos Contacts<\/h2>\t\t\t\t<\/div>\n\t\t\t\t\t<\/div>\n\t\t\t\t<\/div>\n\t\t<div class=\"elementor-element elementor-element-4f103d8 e-con-full e-flex e-con e-parent\" data-id=\"4f103d8\" data-element_type=\"container\" data-e-type=\"container\">\n\t\t<div class=\"elementor-element elementor-element-b9a77ac animated-slow e-flex e-con-boxed elementor-invisible e-con e-child\" data-id=\"b9a77ac\" data-element_type=\"container\" data-e-type=\"container\" data-settings=\"{&quot;animation&quot;:&quot;fadeIn&quot;,&quot;background_background&quot;:&quot;classic&quot;}\">\n\t\t\t\t\t<div class=\"e-con-inner\">\n\t\t<div class=\"elementor-element elementor-element-d1bcc38 e-con-full e-flex e-con e-child\" data-id=\"d1bcc38\" data-element_type=\"container\" data-e-type=\"container\">\n\t\t\t\t<div class=\"elementor-element elementor-element-f6045d3 animated-slow elementor-widget elementor-widget-image\" data-id=\"f6045d3\" data-element_type=\"widget\" data-e-type=\"widget\" data-settings=\"{&quot;_animation&quot;:&quot;none&quot;,&quot;_animation_delay&quot;:400}\" data-widget_type=\"image.default\">\n\t\t\t\t\t\t\t\t\t\t\t\t\t\t\t<img fetchpriority=\"high\" decoding=\"async\" width=\"768\" height=\"768\" src=\"https:\/\/orientstar.uz\/wp-content\/uploads\/2023\/11\/madinai-768x768.jpg\" class=\"attachment-medium_large size-medium_large wp-image-28352\" alt=\"\" srcset=\"https:\/\/orientstar.uz\/wp-content\/uploads\/2023\/11\/madinai-768x768.jpg 768w, https:\/\/orientstar.uz\/wp-content\/uploads\/2023\/11\/madinai-300x300.jpg 300w, https:\/\/orientstar.uz\/wp-content\/uploads\/2023\/11\/madinai-1024x1024.jpg 1024w, https:\/\/orientstar.uz\/wp-content\/uploads\/2023\/11\/madinai-150x150.jpg 150w, https:\/\/orientstar.uz\/wp-content\/uploads\/2023\/11\/madinai-1536x1536.jpg 1536w, https:\/\/orientstar.uz\/wp-content\/uploads\/2023\/11\/madinai-2048x2048.jpg 2048w, https:\/\/orientstar.uz\/wp-content\/uploads\/2023\/11\/madinai-75x75.jpg 75w, https:\/\/orientstar.uz\/wp-content\/uploads\/2023\/11\/madinai-600x600.jpg 600w, https:\/\/orientstar.uz\/wp-content\/uploads\/2023\/11\/madinai-100x100.jpg 100w, https:\/\/orientstar.uz\/wp-content\/uploads\/2023\/11\/madinai.jpg 960w\" sizes=\"(max-width: 768px) 100vw, 768px\" \/>\t\t\t\t\t\t\t\t\t\t\t\t\t\t\t<\/div>\n\t\t\t\t<\/div>\n\t\t<div class=\"elementor-element elementor-element-2d545e1 e-con-full elementor-hidden-tablet elementor-hidden-mobile e-flex e-con e-child\" data-id=\"2d545e1\" data-element_type=\"container\" data-e-type=\"container\">\n\t\t\t\t<\/div>\n\t\t<div class=\"elementor-element elementor-element-af4884e e-con-full e-flex elementor-invisible e-con e-child\" data-id=\"af4884e\" data-element_type=\"container\" data-e-type=\"container\" data-settings=\"{&quot;animation&quot;:&quot;fadeIn&quot;,&quot;animation_delay&quot;:100}\">\n\t\t\t\t<div class=\"elementor-element elementor-element-b9cd847 animated-slow elementor-invisible elementor-widget elementor-widget-heading\" data-id=\"b9cd847\" data-element_type=\"widget\" data-e-type=\"widget\" data-settings=\"{&quot;_animation&quot;:&quot;fadeIn&quot;,&quot;_animation_delay&quot;:100}\" data-widget_type=\"heading.default\">\n\t\t\t\t\t<h2 class=\"elementor-heading-title elementor-size-default\">MADINA IRGASHEVA<\/h2>\t\t\t\t<\/div>\n\t\t\t\t<div class=\"elementor-element elementor-element-2253f26 animated-slow elementor-invisible elementor-widget elementor-widget-heading\" data-id=\"2253f26\" data-element_type=\"widget\" data-e-type=\"widget\" data-settings=\"{&quot;_animation&quot;:&quot;fadeIn&quot;,&quot;_animation_delay&quot;:100}\" data-widget_type=\"heading.default\">\n\t\t\t\t\t<h6 class=\"elementor-heading-title elementor-size-small\">Manger des produits touristiques<\/h6>\t\t\t\t<\/div>\n\t\t\t\t<div class=\"elementor-element elementor-element-7b9295c animated-slow elementor-invisible elementor-widget elementor-widget-heading\" data-id=\"7b9295c\" data-element_type=\"widget\" data-e-type=\"widget\" data-settings=\"{&quot;_animation&quot;:&quot;fadeIn&quot;,&quot;_animation_delay&quot;:100}\" data-widget_type=\"heading.default\">\n\t\t\t\t\t<h6 class=\"elementor-heading-title elementor-size-small\">(Langues : ouzbek, fran\u00e7ais et russe)<\/h6>\t\t\t\t<\/div>\n\t\t\t\t<div class=\"elementor-element elementor-element-91259b9 animated-slow elementor-invisible elementor-widget elementor-widget-text-editor\" data-id=\"91259b9\" data-element_type=\"widget\" data-e-type=\"widget\" data-settings=\"{&quot;_animation&quot;:&quot;fadeIn&quot;,&quot;_animation_delay&quot;:300}\" data-widget_type=\"text-editor.default\">\n\t\t\t\t\t\t\t\t\t<p class=\"MsoNormal\">\n            <span lang=\"EN-US\" style=\"font-family: 'Blogger Sans'; font-size: 14pt;\">MADINA IRGASHEVA, notre experte Manager des Produits pour le March\u00e9 Fran\u00e7ais chez ORIENT STAR GROUP DMC. Avec des comp\u00e9tences linguistiques en ouzbek, fran\u00e7ais et russe, Madina joue un r\u00f4le vital pour \u00e9tablir des liens avec les voyageurs fran\u00e7ais, leur offrant des exp\u00e9riences uniques en Ouzb\u00e9kistan.<\/span>\n          <\/p>\n<p class=\"MsoNormal\">\n            <span style=\"font-family: 'Blogger Sans'; font-size: 14pt;\">Sa connaissance approfondie de la culture et de la langue fran\u00e7aises se refl\u00e8te dans la cr\u00e9ation d&rsquo;itin\u00e9raires captivants qui capturent charmement l&rsquo;essence de l&rsquo;Ouzb\u00e9kistan. Madina s&rsquo;engage \u00e0 offrir un service exceptionnel, veillant \u00e0 ce que chaque voyage soit une exp\u00e9rience inoubliable pour nos clients fran\u00e7ais.<\/span>\n          <\/p>\n\t\t\t\t\t\t\t\t<\/div>\n\t\t\t\t<div class=\"elementor-element elementor-element-6fe9bd0 elementor-shape-square elementor-grid-6 e-grid-align-center elementor-widget elementor-widget-social-icons\" data-id=\"6fe9bd0\" data-element_type=\"widget\" data-e-type=\"widget\" data-widget_type=\"social-icons.default\">\n\t\t\t\t\t\t\t<div class=\"elementor-social-icons-wrapper elementor-grid\" role=\"list\">\n\t\t\t\t\t\t\t<span class=\"elementor-grid-item\" role=\"listitem\">\n\t\t\t\t\t<a class=\"elementor-icon elementor-social-icon elementor-social-icon-envelope elementor-repeater-item-cfad16f\" href=\"mailto:madina@orientstar.uz\" target=\"_blank\">\n\t\t\t\t\t\t<span class=\"elementor-screen-only\">Envelope<\/span>\n\t\t\t\t\t\t<i aria-hidden=\"true\" class=\"fas fa-envelope\"><\/i>\t\t\t\t\t<\/a>\n\t\t\t\t<\/span>\n\t\t\t\t\t\t\t<span class=\"elementor-grid-item\" role=\"listitem\">\n\t\t\t\t\t<a class=\"elementor-icon elementor-social-icon elementor-social-icon-whatsapp elementor-repeater-item-6392025\" href=\"https:\/\/wa.me\/998887038555\" target=\"_blank\" rel=\"nofollow noopener\">\n\t\t\t\t\t\t<span class=\"elementor-screen-only\">Whatsapp<\/span>\n\t\t\t\t\t\t<i aria-hidden=\"true\" class=\"fab fa-whatsapp\"><\/i>\t\t\t\t\t<\/a>\n\t\t\t\t<\/span>\n\t\t\t\t\t\t\t<span class=\"elementor-grid-item\" role=\"listitem\">\n\t\t\t\t\t<a class=\"elementor-icon elementor-social-icon elementor-social-icon-telegram elementor-repeater-item-e5b3eee\" href=\"https:\/\/t.me\/+998887038555\" target=\"_blank\" rel=\"nofollow\">\n\t\t\t\t\t\t<span class=\"elementor-screen-only\">Telegram<\/span>\n\t\t\t\t\t\t<i aria-hidden=\"true\" class=\"fab fa-telegram\"><\/i>\t\t\t\t\t<\/a>\n\t\t\t\t<\/span>\n\t\t\t\t\t\t\t<span class=\"elementor-grid-item\" role=\"listitem\">\n\t\t\t\t\t<a class=\"elementor-icon elementor-social-icon elementor-social-icon-facebook elementor-repeater-item-51e81b1\" href=\"https:\/\/www.facebook.com\/profile.php?id=100018054084965\" target=\"_blank\" rel=\"nofollow noopener\">\n\t\t\t\t\t\t<span class=\"elementor-screen-only\">Facebook<\/span>\n\t\t\t\t\t\t<i aria-hidden=\"true\" class=\"fab fa-facebook\"><\/i>\t\t\t\t\t<\/a>\n\t\t\t\t<\/span>\n\t\t\t\t\t\t\t<span class=\"elementor-grid-item\" role=\"listitem\">\n\t\t\t\t\t<a class=\"elementor-icon elementor-social-icon elementor-social-icon-instagram elementor-repeater-item-e0dffc4\" href=\"https:\/\/www.instagram.com\/irgasheva_madina_07.12\/\" target=\"_blank\" rel=\"nofollow noopener\">\n\t\t\t\t\t\t<span class=\"elementor-screen-only\">Instagram<\/span>\n\t\t\t\t\t\t<i aria-hidden=\"true\" class=\"fab fa-instagram\"><\/i>\t\t\t\t\t<\/a>\n\t\t\t\t<\/span>\n\t\t\t\t\t<\/div>\n\t\t\t\t\t\t<\/div>\n\t\t\t\t<\/div>\n\t\t\t\t\t<\/div>\n\t\t\t\t<\/div>\n\t\t\t\t<\/div>\n\t\t<div class=\"elementor-element elementor-element-f92c426 e-flex e-con-boxed e-con e-parent\" data-id=\"f92c426\" data-element_type=\"container\" data-e-type=\"container\">\n\t\t\t\t\t<div class=\"e-con-inner\">\n\t\t\t\t<div class=\"elementor-element elementor-element-f5c913e elementor-widget__width-initial elementor-arrows-position-inside elementor-pagination-position-outside elementor-widget elementor-widget-image-carousel\" data-id=\"f5c913e\" data-element_type=\"widget\" data-e-type=\"widget\" data-settings=\"{&quot;navigation&quot;:&quot;both&quot;,&quot;autoplay&quot;:&quot;yes&quot;,&quot;pause_on_hover&quot;:&quot;yes&quot;,&quot;pause_on_interaction&quot;:&quot;yes&quot;,&quot;autoplay_speed&quot;:5000,&quot;infinite&quot;:&quot;yes&quot;,&quot;speed&quot;:500}\" data-widget_type=\"image-carousel.default\">\n\t\t\t\t\t\t\t<div class=\"elementor-image-carousel-wrapper swiper\" role=\"region\" aria-roledescription=\"carousel\" aria-label=\"Carrousel d\u2019images\" dir=\"ltr\">\n\t\t\t<div class=\"elementor-image-carousel swiper-wrapper\" aria-live=\"off\">\n\t\t\t\t\t\t\t\t<div class=\"swiper-slide\" role=\"group\" aria-roledescription=\"slide\" aria-label=\"1 sur 11\"><figure class=\"swiper-slide-inner\"><img decoding=\"async\" class=\"swiper-slide-image\" src=\"https:\/\/orientstar.uz\/wp-content\/uploads\/2023\/08\/photo_2023-08-10_16-53-16-1024x1024.jpg\" alt=\"photo_2023-08-10_16-53-16\" \/><\/figure><\/div><div class=\"swiper-slide\" role=\"group\" aria-roledescription=\"slide\" aria-label=\"2 sur 11\"><figure class=\"swiper-slide-inner\"><img decoding=\"async\" class=\"swiper-slide-image\" src=\"https:\/\/orientstar.uz\/wp-content\/uploads\/2023\/08\/photo_2023-08-10_16-50-59-1024x1024.jpg\" alt=\"photo_2023-08-10_16-50-59\" \/><\/figure><\/div><div class=\"swiper-slide\" role=\"group\" aria-roledescription=\"slide\" aria-label=\"3 sur 11\"><figure class=\"swiper-slide-inner\"><img decoding=\"async\" class=\"swiper-slide-image\" src=\"https:\/\/orientstar.uz\/wp-content\/uploads\/2023\/08\/photo_2023-08-10_16-50-15-1024x1024.jpg\" alt=\"photo_2023-08-10_16-50-15\" \/><\/figure><\/div><div class=\"swiper-slide\" role=\"group\" aria-roledescription=\"slide\" aria-label=\"4 sur 11\"><figure class=\"swiper-slide-inner\"><img decoding=\"async\" class=\"swiper-slide-image\" src=\"https:\/\/orientstar.uz\/wp-content\/uploads\/2023\/08\/photo_2023-08-10_16-47-58-1024x1024.jpg\" alt=\"photo_2023-08-10_16-47-58\" \/><\/figure><\/div><div class=\"swiper-slide\" role=\"group\" aria-roledescription=\"slide\" aria-label=\"5 sur 11\"><figure class=\"swiper-slide-inner\"><img decoding=\"async\" class=\"swiper-slide-image\" src=\"https:\/\/orientstar.uz\/wp-content\/uploads\/2023\/08\/photo_2022-02-26_12-45-33-1024x1024.jpg\" alt=\"photo_2022-02-26_12-45-33\" \/><\/figure><\/div><div class=\"swiper-slide\" role=\"group\" aria-roledescription=\"slide\" aria-label=\"6 sur 11\"><figure class=\"swiper-slide-inner\"><img decoding=\"async\" class=\"swiper-slide-image\" src=\"https:\/\/orientstar.uz\/wp-content\/uploads\/2023\/08\/photo_2022-02-26_12-45-29-1024x1024.jpg\" alt=\"photo_2022-02-26_12-45-29\" \/><\/figure><\/div><div class=\"swiper-slide\" role=\"group\" aria-roledescription=\"slide\" aria-label=\"7 sur 11\"><figure class=\"swiper-slide-inner\"><img decoding=\"async\" class=\"swiper-slide-image\" src=\"https:\/\/orientstar.uz\/wp-content\/uploads\/2023\/08\/photo_2022-02-26_12-45-26-1024x1024.jpg\" alt=\"photo_2022-02-26_12-45-26\" \/><\/figure><\/div><div class=\"swiper-slide\" role=\"group\" aria-roledescription=\"slide\" aria-label=\"8 sur 11\"><figure class=\"swiper-slide-inner\"><img decoding=\"async\" class=\"swiper-slide-image\" src=\"https:\/\/orientstar.uz\/wp-content\/uploads\/2023\/08\/photo_2023-08-10_16-41-00-1024x1024.jpg\" alt=\"photo_2023-08-10_16-41-00\" \/><\/figure><\/div><div class=\"swiper-slide\" role=\"group\" aria-roledescription=\"slide\" aria-label=\"9 sur 11\"><figure class=\"swiper-slide-inner\"><img decoding=\"async\" class=\"swiper-slide-image\" src=\"https:\/\/orientstar.uz\/wp-content\/uploads\/2023\/08\/photo_2023-08-10_16-47-58-1-1024x1024.jpg\" alt=\"photo_2023-08-10_16-47-58\" \/><\/figure><\/div><div class=\"swiper-slide\" role=\"group\" aria-roledescription=\"slide\" aria-label=\"10 sur 11\"><figure class=\"swiper-slide-inner\"><img decoding=\"async\" class=\"swiper-slide-image\" src=\"https:\/\/orientstar.uz\/wp-content\/uploads\/2023\/08\/photo_2023-08-10_16-50-15-1-1024x1024.jpg\" alt=\"photo_2023-08-10_16-50-15\" \/><\/figure><\/div><div class=\"swiper-slide\" role=\"group\" aria-roledescription=\"slide\" aria-label=\"11 sur 11\"><figure class=\"swiper-slide-inner\"><img decoding=\"async\" class=\"swiper-slide-image\" src=\"https:\/\/orientstar.uz\/wp-content\/uploads\/2023\/08\/photo_2023-08-10_17-12-23-1024x1024.jpg\" alt=\"photo_2023-08-10_17-12-23\" \/><\/figure><\/div>\t\t\t<\/div>\n\t\t\t\t\t\t\t\t\t\t\t\t<div class=\"elementor-swiper-button elementor-swiper-button-prev\" role=\"button\" tabindex=\"0\">\n\t\t\t\t\t\t<i aria-hidden=\"true\" class=\"eicon-chevron-left\"><\/i>\t\t\t\t\t<\/div>\n\t\t\t\t\t<div class=\"elementor-swiper-button elementor-swiper-button-next\" role=\"button\" tabindex=\"0\">\n\t\t\t\t\t\t<i aria-hidden=\"true\" class=\"eicon-chevron-right\"><\/i>\t\t\t\t\t<\/div>\n\t\t\t\t\n\t\t\t\t\t\t\t\t\t<div class=\"swiper-pagination\"><\/div>\n\t\t\t\t\t\t\t\t\t<\/div>\n\t\t\t\t\t\t<\/div>\n\t\t\t\t\t<\/div>\n\t\t\t\t<\/div>\n\t\t<div class=\"elementor-element elementor-element-120b141 e-flex e-con-boxed e-con e-parent\" data-id=\"120b141\" data-element_type=\"container\" data-e-type=\"container\">\n\t\t\t\t\t<div class=\"e-con-inner\">\n\t\t\t\t\t<\/div>\n\t\t\t\t<\/div>\n\t\t\t\t<\/div>\n\t\t","protected":false},"excerpt":{"rendered":"<p>Nos Contacts MADINA IRGASHEVA Manger des produits touristiques (Langues : ouzbek, fran\u00e7ais et russe) MADINA IRGASHEVA, notre experte Manager des Produits pour le March\u00e9 Fran\u00e7ais chez ORIENT STAR GROUP DMC. Avec des comp\u00e9tences linguistiques en ouzbek, fran\u00e7ais et russe, Madina joue un r\u00f4le vital pour \u00e9tablir des liens avec les voyageurs fran\u00e7ais, leur offrant des [&hellip;]<\/p>\n","protected":false},"author":1,"featured_media":15909,"parent":0,"menu_order":0,"comment_status":"closed","ping_status":"closed","template":"template-blank.php","meta":{"footnotes":""},"class_list":["post-14724","page","type-page","status-publish","has-post-thumbnail","hentry"],"_links":{"self":[{"href":"https:\/\/orientstar.uz\/fr\/wp-json\/wp\/v2\/pages\/14724","targetHints":{"allow":["GET"]}}],"collection":[{"href":"https:\/\/orientstar.uz\/fr\/wp-json\/wp\/v2\/pages"}],"about":[{"href":"https:\/\/orientstar.uz\/fr\/wp-json\/wp\/v2\/types\/page"}],"author":[{"embeddable":true,"href":"https:\/\/orientstar.uz\/fr\/wp-json\/wp\/v2\/users\/1"}],"replies":[{"embeddable":true,"href":"https:\/\/orientstar.uz\/fr\/wp-json\/wp\/v2\/comments?post=14724"}],"version-history":[{"count":0,"href":"https:\/\/orientstar.uz\/fr\/wp-json\/wp\/v2\/pages\/14724\/revisions"}],"wp:featuredmedia":[{"embeddable":true,"href":"https:\/\/orientstar.uz\/fr\/wp-json\/wp\/v2\/media\/15909"}],"wp:attachment":[{"href":"https:\/\/orientstar.uz\/fr\/wp-json\/wp\/v2\/media?parent=14724"}],"curies":[{"name":"wp","href":"https:\/\/api.w.org\/{rel}","templated":true}]}}