{"id":14728,"date":"2022-04-14T01:27:33","date_gmt":"2022-04-13T20:27:33","guid":{"rendered":"https:\/\/demo.orientstar.uz\/contact\/"},"modified":"2024-11-12T12:30:43","modified_gmt":"2024-11-12T07:30:43","slug":"contact","status":"publish","type":"page","link":"https:\/\/orientstar.uz\/pt-pt\/contact\/","title":{"rendered":"Contact"},"content":{"rendered":"\t\t<div data-elementor-type=\"wp-page\" data-elementor-id=\"14728\" class=\"elementor elementor-14728 elementor-707\" data-elementor-post-type=\"page\">\n\t\t\t\t<div class=\"elementor-element elementor-element-c7b8aad animated-slow e-flex e-con-boxed e-con e-parent\" data-id=\"c7b8aad\" data-element_type=\"container\" data-e-type=\"container\" data-settings=\"{&quot;background_background&quot;:&quot;classic&quot;,&quot;animation&quot;:&quot;none&quot;,&quot;animation_delay&quot;:0}\">\n\t\t\t\t\t<div class=\"e-con-inner\">\n\t\t\t\t<div class=\"elementor-element elementor-element-b910528 elementor-invisible elementor-widget elementor-widget-heading\" data-id=\"b910528\" data-element_type=\"widget\" data-e-type=\"widget\" data-settings=\"{&quot;_animation&quot;:&quot;fadeInDown&quot;,&quot;_animation_delay&quot;:0}\" data-widget_type=\"heading.default\">\n\t\t\t\t\t<h2 class=\"elementor-heading-title elementor-size-default\">Contacto<\/h2>\t\t\t\t<\/div>\n\t\t\t\t\t<\/div>\n\t\t\t\t<\/div>\n\t\t<div class=\"elementor-element elementor-element-9ec73f4 e-con-full e-flex e-con e-parent\" data-id=\"9ec73f4\" data-element_type=\"container\" data-e-type=\"container\" data-settings=\"{&quot;background_background&quot;:&quot;classic&quot;}\">\n\t\t<div class=\"elementor-element elementor-element-164ce3a e-flex e-con-boxed e-con e-child\" data-id=\"164ce3a\" data-element_type=\"container\" data-e-type=\"container\">\n\t\t\t\t\t<div class=\"e-con-inner\">\n\t\t<div class=\"elementor-element elementor-element-08938b4 e-con-full animated-slow e-flex elementor-invisible e-con e-child\" data-id=\"08938b4\" data-element_type=\"container\" data-e-type=\"container\" data-settings=\"{&quot;animation&quot;:&quot;fadeIn&quot;,&quot;animation_delay&quot;:100}\">\n\t\t\t\t<div class=\"elementor-element elementor-element-4a4c56a animated-slow elementor-invisible elementor-widget elementor-widget-heading\" data-id=\"4a4c56a\" data-element_type=\"widget\" data-e-type=\"widget\" data-settings=\"{&quot;_animation&quot;:&quot;fadeIn&quot;,&quot;_animation_delay&quot;:100}\" data-widget_type=\"heading.default\">\n\t\t\t\t\t<h2 class=\"elementor-heading-title elementor-size-default\">ELDOR KELDIBEKOV<\/h2>\t\t\t\t<\/div>\n\t\t\t\t<div class=\"elementor-element elementor-element-8368998 animated-slow elementor-invisible elementor-widget elementor-widget-heading\" data-id=\"8368998\" data-element_type=\"widget\" data-e-type=\"widget\" data-settings=\"{&quot;_animation&quot;:&quot;fadeIn&quot;,&quot;_animation_delay&quot;:100}\" data-widget_type=\"heading.default\">\n\t\t\t\t\t<h6 class=\"elementor-heading-title elementor-size-small\">Segundo Responsable de Ventas para el Mercado Espa\u00f1ol y Gu\u00eda Tur\u00edstico<\/h6>\t\t\t\t<\/div>\n\t\t\t\t<div class=\"elementor-element elementor-element-9f91caa animated-slow elementor-invisible elementor-widget elementor-widget-heading\" data-id=\"9f91caa\" data-element_type=\"widget\" data-e-type=\"widget\" data-settings=\"{&quot;_animation&quot;:&quot;fadeIn&quot;,&quot;_animation_delay&quot;:100}\" data-widget_type=\"heading.default\">\n\t\t\t\t\t<h6 class=\"elementor-heading-title elementor-size-small\">(Idiomas: Uzbeko, Espa\u00f1ol e Ingl\u00e9s)<\/h6>\t\t\t\t<\/div>\n\t\t\t\t<div class=\"elementor-element elementor-element-b3457d5 animated-slow elementor-invisible elementor-widget elementor-widget-text-editor\" data-id=\"b3457d5\" data-element_type=\"widget\" data-e-type=\"widget\" data-settings=\"{&quot;_animation&quot;:&quot;fadeIn&quot;,&quot;_animation_delay&quot;:300}\" data-widget_type=\"text-editor.default\">\n\t\t\t\t\t\t\t\t\t<p class=\"MsoNormal\">\n            <span lang=\"EN-US\" style=\"font-family: 'Blogger Sans'; font-size: 14pt;\">Presentamos a ELDOR KELDIBEKOV, nuestro apasionado Segundo Responsable de Ventas para el Mercado Espa\u00f1ol y experimentado gu\u00eda tur\u00edstico en ORIENT STAR GROUP DMC. Con habilidades ling\u00fc\u00edsticas en uzbeko, espa\u00f1ol e ingl\u00e9s, Eldor desempe\u00f1a un papel esencial en brindar experiencias inolvidables a los viajeros de habla hispana.<\/span>\n          <\/p>\n<p class=\"MsoNormal\">\n            <span style=\"font-family: 'Blogger Sans'; font-size: 14pt;\">Adem\u00e1s de su rol en ventas, Eldor comparte su amor por Uzbekist\u00e1n como gu\u00eda tur\u00edstico, llevando a los visitantes a trav\u00e9s de las maravillas culturales y naturales del pa\u00eds. Su conocimiento profundo y su habilidad para comunicarse en espa\u00f1ol garantizan una experiencia aut\u00e9ntica y enriquecedora para cada viajero.<\/span>\n          <\/p>\n\t\t\t\t\t\t\t\t<\/div>\n\t\t\t\t<div class=\"elementor-element elementor-element-3ec7e22 elementor-shape-square elementor-grid-6 e-grid-align-center elementor-widget elementor-widget-social-icons\" data-id=\"3ec7e22\" data-element_type=\"widget\" data-e-type=\"widget\" data-widget_type=\"social-icons.default\">\n\t\t\t\t\t\t\t<div class=\"elementor-social-icons-wrapper elementor-grid\" role=\"list\">\n\t\t\t\t\t\t\t<span class=\"elementor-grid-item\" role=\"listitem\">\n\t\t\t\t\t<a class=\"elementor-icon elementor-social-icon elementor-social-icon-envelope elementor-repeater-item-cfad16f\" href=\"mailto:spanish@orientstar.uz\" target=\"_blank\">\n\t\t\t\t\t\t<span class=\"elementor-screen-only\">Envelope<\/span>\n\t\t\t\t\t\t<i aria-hidden=\"true\" class=\"fas fa-envelope\"><\/i>\t\t\t\t\t<\/a>\n\t\t\t\t<\/span>\n\t\t\t\t\t\t\t<span class=\"elementor-grid-item\" role=\"listitem\">\n\t\t\t\t\t<a class=\"elementor-icon elementor-social-icon elementor-social-icon-whatsapp elementor-repeater-item-6392025\" href=\"https:\/\/wa.me\/998880178555\" target=\"_blank\" rel=\"nofollow noopener\">\n\t\t\t\t\t\t<span class=\"elementor-screen-only\">Whatsapp<\/span>\n\t\t\t\t\t\t<i aria-hidden=\"true\" class=\"fab fa-whatsapp\"><\/i>\t\t\t\t\t<\/a>\n\t\t\t\t<\/span>\n\t\t\t\t\t\t\t<span class=\"elementor-grid-item\" role=\"listitem\">\n\t\t\t\t\t<a class=\"elementor-icon elementor-social-icon elementor-social-icon-telegram elementor-repeater-item-e5b3eee\" href=\"https:\/\/t.me\/+998880178555\" target=\"_blank\" rel=\"nofollow\">\n\t\t\t\t\t\t<span class=\"elementor-screen-only\">Telegram<\/span>\n\t\t\t\t\t\t<i aria-hidden=\"true\" class=\"fab fa-telegram\"><\/i>\t\t\t\t\t<\/a>\n\t\t\t\t<\/span>\n\t\t\t\t\t\t\t<span class=\"elementor-grid-item\" role=\"listitem\">\n\t\t\t\t\t<a class=\"elementor-icon elementor-social-icon elementor-social-icon-facebook elementor-repeater-item-51e81b1\" href=\"https:\/\/www.facebook.com\/profile.php?id=100070404056039\" target=\"_blank\" rel=\"nofollow noopener\">\n\t\t\t\t\t\t<span class=\"elementor-screen-only\">Facebook<\/span>\n\t\t\t\t\t\t<i aria-hidden=\"true\" class=\"fab fa-facebook\"><\/i>\t\t\t\t\t<\/a>\n\t\t\t\t<\/span>\n\t\t\t\t\t\t\t<span class=\"elementor-grid-item\" role=\"listitem\">\n\t\t\t\t\t<a class=\"elementor-icon elementor-social-icon elementor-social-icon-instagram elementor-repeater-item-e0dffc4\" href=\"https:\/\/www.instagram.com\/_el_dor____\/\" target=\"_blank\" rel=\"nofollow noopener\">\n\t\t\t\t\t\t<span class=\"elementor-screen-only\">Instagram<\/span>\n\t\t\t\t\t\t<i aria-hidden=\"true\" class=\"fab fa-instagram\"><\/i>\t\t\t\t\t<\/a>\n\t\t\t\t<\/span>\n\t\t\t\t\t<\/div>\n\t\t\t\t\t\t<\/div>\n\t\t\t\t<\/div>\n\t\t<div class=\"elementor-element elementor-element-183c6b2 e-con-full elementor-hidden-tablet elementor-hidden-mobile e-flex e-con e-child\" data-id=\"183c6b2\" data-element_type=\"container\" data-e-type=\"container\">\n\t\t\t\t<\/div>\n\t\t<div class=\"elementor-element elementor-element-ba1d7b3 e-con-full animated-slow e-flex elementor-invisible e-con e-child\" data-id=\"ba1d7b3\" data-element_type=\"container\" data-e-type=\"container\" data-settings=\"{&quot;animation&quot;:&quot;fadeIn&quot;}\">\n\t\t\t\t<div class=\"elementor-element elementor-element-a71a628 elementor-widget elementor-widget-image\" data-id=\"a71a628\" data-element_type=\"widget\" data-e-type=\"widget\" data-widget_type=\"image.default\">\n\t\t\t\t\t\t\t\t\t\t\t\t\t\t\t<img fetchpriority=\"high\" decoding=\"async\" width=\"768\" height=\"768\" src=\"https:\/\/orientstar.uz\/wp-content\/uploads\/2024\/11\/eldorado-scaled-1-768x768.jpg\" class=\"attachment-medium_large size-medium_large wp-image-37658\" alt=\"\" srcset=\"https:\/\/orientstar.uz\/wp-content\/uploads\/2024\/11\/eldorado-scaled-1-768x768.jpg 768w, https:\/\/orientstar.uz\/wp-content\/uploads\/2024\/11\/eldorado-scaled-1-300x300.jpg 300w, https:\/\/orientstar.uz\/wp-content\/uploads\/2024\/11\/eldorado-scaled-1-1024x1024.jpg 1024w, https:\/\/orientstar.uz\/wp-content\/uploads\/2024\/11\/eldorado-scaled-1-150x150.jpg 150w, https:\/\/orientstar.uz\/wp-content\/uploads\/2024\/11\/eldorado-scaled-1-1536x1536.jpg 1536w, https:\/\/orientstar.uz\/wp-content\/uploads\/2024\/11\/eldorado-scaled-1-2048x2048.jpg 2048w, https:\/\/orientstar.uz\/wp-content\/uploads\/2024\/11\/eldorado-scaled-1-75x75.jpg 75w, https:\/\/orientstar.uz\/wp-content\/uploads\/2024\/11\/eldorado-scaled-1-600x600.jpg 600w, https:\/\/orientstar.uz\/wp-content\/uploads\/2024\/11\/eldorado-scaled-1-100x100.jpg 100w\" sizes=\"(max-width: 768px) 100vw, 768px\" \/>\t\t\t\t\t\t\t\t\t\t\t\t\t\t\t<\/div>\n\t\t\t\t<\/div>\n\t\t\t\t\t<\/div>\n\t\t\t\t<\/div>\n\t\t\t\t<\/div>\n\t\t\t\t<\/div>\n\t\t","protected":false},"excerpt":{"rendered":"<p>Contacto ELDOR KELDIBEKOV Segundo Responsable de Ventas para el Mercado Espa\u00f1ol y Gu\u00eda Tur\u00edstico (Idiomas: Uzbeko, Espa\u00f1ol e Ingl\u00e9s) Presentamos a ELDOR KELDIBEKOV, nuestro apasionado Segundo Responsable de Ventas para el Mercado Espa\u00f1ol y experimentado gu\u00eda tur\u00edstico en ORIENT STAR GROUP DMC. Con habilidades ling\u00fc\u00edsticas en uzbeko, espa\u00f1ol e ingl\u00e9s, Eldor desempe\u00f1a un papel esencial [&hellip;]<\/p>\n","protected":false},"author":1,"featured_media":15913,"parent":0,"menu_order":0,"comment_status":"closed","ping_status":"closed","template":"template-blank.php","meta":{"footnotes":""},"class_list":["post-14728","page","type-page","status-publish","has-post-thumbnail","hentry"],"_links":{"self":[{"href":"https:\/\/orientstar.uz\/pt-pt\/wp-json\/wp\/v2\/pages\/14728","targetHints":{"allow":["GET"]}}],"collection":[{"href":"https:\/\/orientstar.uz\/pt-pt\/wp-json\/wp\/v2\/pages"}],"about":[{"href":"https:\/\/orientstar.uz\/pt-pt\/wp-json\/wp\/v2\/types\/page"}],"author":[{"embeddable":true,"href":"https:\/\/orientstar.uz\/pt-pt\/wp-json\/wp\/v2\/users\/1"}],"replies":[{"embeddable":true,"href":"https:\/\/orientstar.uz\/pt-pt\/wp-json\/wp\/v2\/comments?post=14728"}],"version-history":[{"count":0,"href":"https:\/\/orientstar.uz\/pt-pt\/wp-json\/wp\/v2\/pages\/14728\/revisions"}],"wp:featuredmedia":[{"embeddable":true,"href":"https:\/\/orientstar.uz\/pt-pt\/wp-json\/wp\/v2\/media\/15913"}],"wp:attachment":[{"href":"https:\/\/orientstar.uz\/pt-pt\/wp-json\/wp\/v2\/media?parent=14728"}],"curies":[{"name":"wp","href":"https:\/\/api.w.org\/{rel}","templated":true}]}}